{"id":148,"date":"2025-06-13T23:10:44","date_gmt":"2025-06-13T23:10:44","guid":{"rendered":"https:\/\/thecoveragedigital.com\/?page_id=148"},"modified":"2025-06-13T23:10:45","modified_gmt":"2025-06-13T23:10:45","slug":"about-us","status":"publish","type":"page","link":"https:\/\/thecoveragedigital.com\/es\/about-us\/","title":{"rendered":"Sobre nosotros"},"content":{"rendered":"<p>The Coverage Digital es su plataforma confiable para comprender el mundo de los seguros en Estados Unidos con claridad y confianza. Nuestra plataforma ofrece recursos integrales sobre diversos tipos de seguros, ayud\u00e1ndole a explorar p\u00f3lizas, comparar opciones de cobertura y tomar decisiones informadas.<\/p>\n\n\n\n<p>En una industria a menudo llena de jerga y confusi\u00f3n, The Coverage Digital sirve como gu\u00eda para simplificarlo todo. Ya sea que est\u00e9 considerando seguros de salud, auto, vida, hogar o negocios, le ofrecemos explicaciones sencillas, consejos pr\u00e1cticos y perspectivas actualizadas adaptadas a sus necesidades.<\/p>\n\n\n\n<p>Si bien compartimos regularmente informaci\u00f3n sobre opciones de cobertura, novedades del sector y las principales aseguradoras, es importante entender que The Coverage Digital no es una agencia de seguros ni vende productos de seguros. Somos completamente independientes y no estamos afiliados a ninguna de las aseguradoras que aparecen en nuestro sitio. Nuestra funci\u00f3n es \u00fanicamente informar, educar y empoderar, no vender, intermediar ni avalar p\u00f3lizas espec\u00edficas.<\/p>\n\n\n\n<p>En The Coverage Digital, creemos que las decisiones informadas conducen a una mejor protecci\u00f3n para usted, su familia y su futuro.<\/p>\n\n\n\n<h2 class=\"wp-block-heading\">Lo que encontrar\u00e1s aqu\u00ed<\/h2>\n\n\n\n<p>En <strong>La Cobertura Digital<\/strong>Organizamos nuestro contenido en funci\u00f3n de las necesidades reales de las personas y familias que buscan comprender y explorar el panorama de los seguros en Estados Unidos. Nuestro objetivo es ofrecer una gu\u00eda clara y pr\u00e1ctica para cada etapa de su proceso de seguros.<\/p>\n\n\n\n<p><strong>Comprensi\u00f3n de los conceptos b\u00e1sicos de seguros<\/strong>Aprenda los fundamentos del funcionamiento de los diferentes tipos de seguros. Desglosamos conceptos clave como deducibles, primas, l\u00edmites de cobertura y exclusiones, para que pueda tomar decisiones informadas sin perderse en terminolog\u00eda confusa.<\/p>\n\n\n\n<p><strong>C\u00f3mo elegir la cobertura adecuada<\/strong>:Ya sea que est\u00e9 buscando un seguro de salud, de autom\u00f3vil, de hogar, de vida o comercial, brindamos consejos pr\u00e1cticos para comparar p\u00f3lizas, evaluar proveedores y seleccionar la cobertura que se ajuste a sus necesidades y presupuesto.<\/p>\n\n\n\n<p><strong>Proceso de reclamaciones y resoluci\u00f3n de problemas:<\/strong> Presentar una reclamaci\u00f3n de seguro puede ser estresante. Nuestras gu\u00edas paso a paso le ayudar\u00e1n a comprender c\u00f3mo funciona el proceso de reclamaciones, qu\u00e9 documentaci\u00f3n necesitar\u00e1 y c\u00f3mo gestionar eficazmente las disputas o denegaciones.<\/p>\n\n\n\n<p><strong>Estrategias y conocimientos para ahorrar dinero:<\/strong> Compartimos consejos de expertos sobre c\u00f3mo ahorrar en primas, combinar p\u00f3lizas, calificar para descuentos y evitar costos innecesarios, lo que le ayuda a maximizar el valor sin sacrificar la protecci\u00f3n.<\/p>\n\n\n\n<p><strong>Noticias de la industria y actualizaciones de proveedores:<\/strong> Mant\u00e9ngase al d\u00eda con las actualizaciones peri\u00f3dicas sobre las tendencias de la industria aseguradora, los cambios regulatorios y las ofertas de las principales aseguradoras de EE. UU. Esta informaci\u00f3n le ayudar\u00e1 a estar preparado para los cambios que puedan afectar sus opciones de cobertura.<\/p>\n\n\n\n<h2 class=\"wp-block-heading\">Nuestro enfoque<\/h2>\n\n\n\n<p>En The Coverage Digital, operamos como una fuente de informaci\u00f3n independiente e imparcial, dedicada a ayudarle a navegar por el complejo mundo de los seguros. Todo el contenido de nuestro sitio se crea internamente, basado en investigaci\u00f3n exhaustiva, experiencia en el sector y datos de mercado actualizados. No aceptamos pagos ni incentivos para promocionar compa\u00f1\u00edas de seguros o productos espec\u00edficos.<\/p>\n\n\n\n<p>Creemos que comprender los seguros debe ser accesible, transparente y sin presiones. Por eso nos enfocamos en brindar informaci\u00f3n clara, pr\u00e1ctica y relevante, ya sea que est\u00e9 buscando su primera p\u00f3liza, revisando su cobertura actual o intentando comprender mejor sus opciones.<\/p>\n\n\n\n<p>Nuestra misi\u00f3n no es venderle nada, sino ser su gu\u00eda de confianza. The Coverage Digital est\u00e1 aqu\u00ed para educar, no para sobrevender, abrumar ni prometer demasiado. Nuestro objetivo es brindarle conocimiento, entregado con claridad, integridad y respeto, para que pueda proteger lo que m\u00e1s le importa con confianza.<\/p>\n\n\n\n<h2 class=\"wp-block-heading\">\u00a1Su opini\u00f3n es importante!<\/h2>\n\n\n\n<p>En The Coverage Digital, nos comprometemos a ofrecer contenido verdaderamente \u00fatil, confiable y f\u00e1cil de entender. Si tiene preguntas, sugerencias o simplemente quiere compartir su experiencia con nosotros, \u00a1nos encantar\u00eda saber de usted!<\/p>\n\n\n\n<p>Sus comentarios nos ayudan a mejorar, crecer y seguir ofreciendo la informaci\u00f3n m\u00e1s precisa y \u00fatil sobre seguros. Ya sea un tema que le gustar\u00eda que cubr\u00e1ramos, una pregunta que necesita respuesta o informaci\u00f3n sobre su propia experiencia con los seguros, su opini\u00f3n es importante.<\/p>\n\n\n\n<p>Comun\u00edquese con nosotros en cualquier momento. Estamos aqu\u00ed para escucharle y ayudarle a trav\u00e9s de nuestra p\u00e1gina de contacto: <a href=\"https:\/\/thecoveragedigital.com\/es\/contact\/\">https:\/\/thecoveragedigital.com\/contact<\/a><\/p>","protected":false},"excerpt":{"rendered":"<p>The Coverage Digital es su recurso confiable para comprender el mundo de los seguros en Estados Unidos con claridad y confianza. Nuestra plataforma ofrece recursos integrales sobre diversos tipos de seguros, ayud\u00e1ndole a explorar p\u00f3lizas, comparar opciones de cobertura y tomar decisiones informadas. En una industria a menudo llena de jerga y confusi\u00f3n, The Coverage Digital sirve [\u2026]<\/p>","protected":false},"author":145,"featured_media":0,"parent":0,"menu_order":0,"comment_status":"closed","ping_status":"closed","template":"","meta":{"footnotes":""},"yoast_head":"<!-- This site is optimized with the Yoast SEO plugin v23.3 - https:\/\/yoast.com\/wordpress\/plugins\/seo\/ -->\n<title>About Us - The Coverage Digital<\/title>\n<meta name=\"robots\" content=\"index, follow, max-snippet:-1, max-image-preview:large, max-video-preview:-1\" \/>\n<link rel=\"canonical\" href=\"https:\/\/thecoveragedigital.com\/es\/about-us\/\" \/>\n<meta property=\"og:locale\" content=\"es_MX\" \/>\n<meta property=\"og:type\" content=\"article\" \/>\n<meta property=\"og:title\" content=\"About Us - The Coverage Digital\" \/>\n<meta property=\"og:description\" content=\"The Coverage Digital is your reliable destination for understanding the world of insurance in the United States with clarity and confidence. Our platform offers comprehensive resources on various types of insurance, helping you navigate policies, compare coverage options, and make well-informed decisions. In an industry often filled with jargon and confusion, The Coverage Digital serves [&hellip;]\" \/>\n<meta property=\"og:url\" content=\"https:\/\/thecoveragedigital.com\/es\/about-us\/\" \/>\n<meta property=\"og:site_name\" content=\"The Coverage Digital\" \/>\n<meta property=\"article:modified_time\" content=\"2025-06-13T23:10:45+00:00\" \/>\n<meta name=\"twitter:card\" content=\"summary_large_image\" \/>\n<meta name=\"twitter:label1\" content=\"Est. reading time\" \/>\n\t<meta name=\"twitter:data1\" content=\"3 minutos\" \/>\n<script type=\"application\/ld+json\" class=\"yoast-schema-graph\">{\"@context\":\"https:\/\/schema.org\",\"@graph\":[{\"@type\":\"WebPage\",\"@id\":\"https:\/\/thecoveragedigital.com\/about-us\/\",\"url\":\"https:\/\/thecoveragedigital.com\/about-us\/\",\"name\":\"About Us - The Coverage Digital\",\"isPartOf\":{\"@id\":\"https:\/\/thecoveragedigital.com\/#website\"},\"datePublished\":\"2025-06-13T23:10:44+00:00\",\"dateModified\":\"2025-06-13T23:10:45+00:00\",\"breadcrumb\":{\"@id\":\"https:\/\/thecoveragedigital.com\/about-us\/#breadcrumb\"},\"inLanguage\":\"es-MX\",\"potentialAction\":[{\"@type\":\"ReadAction\",\"target\":[\"https:\/\/thecoveragedigital.com\/about-us\/\"]}]},{\"@type\":\"BreadcrumbList\",\"@id\":\"https:\/\/thecoveragedigital.com\/about-us\/#breadcrumb\",\"itemListElement\":[{\"@type\":\"ListItem\",\"position\":1,\"name\":\"Home\",\"item\":\"https:\/\/thecoveragedigital.com\/\"},{\"@type\":\"ListItem\",\"position\":2,\"name\":\"About Us\"}]},{\"@type\":\"WebSite\",\"@id\":\"https:\/\/thecoveragedigital.com\/#website\",\"url\":\"https:\/\/thecoveragedigital.com\/\",\"name\":\"The Coverage Digital\",\"description\":\"\",\"potentialAction\":[{\"@type\":\"SearchAction\",\"target\":{\"@type\":\"EntryPoint\",\"urlTemplate\":\"https:\/\/thecoveragedigital.com\/?s={search_term_string}\"},\"query-input\":\"required name=search_term_string\"}],\"inLanguage\":\"es-MX\"}]}<\/script>\n<!-- \/ Yoast SEO plugin. -->","yoast_head_json":{"title":"About Us - The Coverage Digital","robots":{"index":"index","follow":"follow","max-snippet":"max-snippet:-1","max-image-preview":"max-image-preview:large","max-video-preview":"max-video-preview:-1"},"canonical":"https:\/\/thecoveragedigital.com\/es\/about-us\/","og_locale":"es_MX","og_type":"article","og_title":"About Us - The Coverage Digital","og_description":"The Coverage Digital is your reliable destination for understanding the world of insurance in the United States with clarity and confidence. Our platform offers comprehensive resources on various types of insurance, helping you navigate policies, compare coverage options, and make well-informed decisions. In an industry often filled with jargon and confusion, The Coverage Digital serves [&hellip;]","og_url":"https:\/\/thecoveragedigital.com\/es\/about-us\/","og_site_name":"The Coverage Digital","article_modified_time":"2025-06-13T23:10:45+00:00","twitter_card":"summary_large_image","twitter_misc":{"Est. reading time":"3 minutos"},"schema":{"@context":"https:\/\/schema.org","@graph":[{"@type":"WebPage","@id":"https:\/\/thecoveragedigital.com\/about-us\/","url":"https:\/\/thecoveragedigital.com\/about-us\/","name":"About Us - The Coverage Digital","isPartOf":{"@id":"https:\/\/thecoveragedigital.com\/#website"},"datePublished":"2025-06-13T23:10:44+00:00","dateModified":"2025-06-13T23:10:45+00:00","breadcrumb":{"@id":"https:\/\/thecoveragedigital.com\/about-us\/#breadcrumb"},"inLanguage":"es-MX","potentialAction":[{"@type":"ReadAction","target":["https:\/\/thecoveragedigital.com\/about-us\/"]}]},{"@type":"BreadcrumbList","@id":"https:\/\/thecoveragedigital.com\/about-us\/#breadcrumb","itemListElement":[{"@type":"ListItem","position":1,"name":"Home","item":"https:\/\/thecoveragedigital.com\/"},{"@type":"ListItem","position":2,"name":"About Us"}]},{"@type":"WebSite","@id":"https:\/\/thecoveragedigital.com\/#website","url":"https:\/\/thecoveragedigital.com\/","name":"The Coverage Digital","description":"","potentialAction":[{"@type":"SearchAction","target":{"@type":"EntryPoint","urlTemplate":"https:\/\/thecoveragedigital.com\/?s={search_term_string}"},"query-input":"required name=search_term_string"}],"inLanguage":"es-MX"}]}},"_links":{"self":[{"href":"https:\/\/thecoveragedigital.com\/es\/wp-json\/wp\/v2\/pages\/148"}],"collection":[{"href":"https:\/\/thecoveragedigital.com\/es\/wp-json\/wp\/v2\/pages"}],"about":[{"href":"https:\/\/thecoveragedigital.com\/es\/wp-json\/wp\/v2\/types\/page"}],"author":[{"embeddable":true,"href":"https:\/\/thecoveragedigital.com\/es\/wp-json\/wp\/v2\/users\/145"}],"replies":[{"embeddable":true,"href":"https:\/\/thecoveragedigital.com\/es\/wp-json\/wp\/v2\/comments?post=148"}],"version-history":[{"count":5,"href":"https:\/\/thecoveragedigital.com\/es\/wp-json\/wp\/v2\/pages\/148\/revisions"}],"predecessor-version":[{"id":153,"href":"https:\/\/thecoveragedigital.com\/es\/wp-json\/wp\/v2\/pages\/148\/revisions\/153"}],"wp:attachment":[{"href":"https:\/\/thecoveragedigital.com\/es\/wp-json\/wp\/v2\/media?parent=148"}],"curies":[{"name":"wp","href":"https:\/\/api.w.org\/{rel}","templated":true}]}}