{"id":148,"date":"2025-06-13T23:10:44","date_gmt":"2025-06-13T23:10:44","guid":{"rendered":"https:\/\/thecoveragedigital.com\/?page_id=148"},"modified":"2025-06-13T23:10:45","modified_gmt":"2025-06-13T23:10:45","slug":"about-us","status":"publish","type":"page","link":"https:\/\/thecoveragedigital.com\/it\/about-us\/","title":{"rendered":"Chi siamo"},"content":{"rendered":"<p>Coverage Digital \u00e8 la tua piattaforma affidabile per comprendere il mondo assicurativo negli Stati Uniti con chiarezza e sicurezza. La nostra piattaforma offre risorse complete su diverse tipologie di assicurazione, aiutandoti a orientarti tra le polizze, confrontare le opzioni di copertura e prendere decisioni consapevoli.<\/p>\n\n\n\n<p>In un settore spesso pieno di gergo e confusione, The Coverage Digital funge da guida per semplificare tutto. Che tu stia valutando un&#039;assicurazione sanitaria, auto, vita, casa o aziendale, forniamo spiegazioni chiare, consigli pratici e approfondimenti aggiornati, personalizzati in base alle tue esigenze.<\/p>\n\n\n\n<p>Sebbene condividiamo regolarmente informazioni sulle opzioni di copertura, aggiornamenti del settore e sulle principali compagnie assicurative, \u00e8 importante comprendere che The Coverage Digital non \u00e8 un&#039;agenzia assicurativa e non vende prodotti assicurativi. Siamo completamente indipendenti e non affiliati ad alcuna compagnia assicurativa presente sul nostro sito. Il nostro ruolo \u00e8 esclusivamente quello di informare, istruire e responsabilizzare, non di vendere, mediare o approvare polizze specifiche.<\/p>\n\n\n\n<p>Noi di The Coverage Digital crediamo che scelte consapevoli portino a una migliore protezione per te, la tua famiglia e il tuo futuro.<\/p>\n\n\n\n<h2 class=\"wp-block-heading\">Cosa troverai qui<\/h2>\n\n\n\n<p>A <strong>La copertura digitale<\/strong>Organizziamo i nostri contenuti in base alle reali esigenze di individui e famiglie che desiderano comprendere e orientarsi nel panorama assicurativo degli Stati Uniti. Il nostro obiettivo \u00e8 offrire una guida chiara e pratica per ogni fase del vostro percorso assicurativo.<\/p>\n\n\n\n<p><strong>Nozioni di base sull&#039;assicurazione<\/strong>: Scopri i fondamenti del funzionamento dei diversi tipi di assicurazione. Analizziamo concetti chiave come franchigie, premi, limiti di copertura ed esclusioni, in modo che tu possa fare scelte consapevoli senza perderti in una terminologia confusa.<\/p>\n\n\n\n<p><strong>Scegliere la copertura giusta<\/strong>: Che tu stia cercando un&#039;assicurazione sanitaria, auto, casa, vita o aziendale, ti forniamo consigli pratici per confrontare le polizze, valutare i fornitori e selezionare la copertura pi\u00f9 adatta alle tue esigenze e al tuo budget.<\/p>\n\n\n\n<p><strong>Processo di reclamo e risoluzione dei problemi:<\/strong> Presentare una richiesta di risarcimento assicurativo pu\u00f2 essere stressante. Le nostre guide dettagliate ti aiutano a capire come funziona la procedura di richiesta, quale documentazione ti servir\u00e0 e come gestire efficacemente controversie o dinieghi.<\/p>\n\n\n\n<p><strong>Strategie e approfondimenti per risparmiare denaro:<\/strong> Condividiamo consigli di esperti su come risparmiare sui premi, raggruppare le polizze, ottenere sconti ed evitare costi inutili, aiutandoti a massimizzare il valore senza sacrificare la protezione.<\/p>\n\n\n\n<p><strong>Notizie del settore e aggiornamenti sui fornitori:<\/strong> Rimani aggiornato con aggiornamenti regolari sulle tendenze del settore assicurativo, sulle modifiche normative e sulle offerte delle principali compagnie assicurative statunitensi. Questi approfondimenti ti aiutano a rimanere preparato ai cambiamenti che potrebbero influire sulle tue opzioni di copertura.<\/p>\n\n\n\n<h2 class=\"wp-block-heading\">Il nostro approccio<\/h2>\n\n\n\n<p>Noi di The Coverage Digital operiamo come una fonte di informazioni indipendente e imparziale, dedicata ad aiutarvi a orientarvi nel complesso mondo delle assicurazioni. Ogni contenuto del nostro sito \u00e8 creato internamente, basato su ricerche approfondite, competenze di settore e dati di mercato aggiornati. Non accettiamo pagamenti o incentivi per promuovere specifiche compagnie assicurative o prodotti.<\/p>\n\n\n\n<p>Crediamo che comprendere il mondo assicurativo debba essere accessibile, trasparente e libero da pressioni. Ecco perch\u00e9 ci impegniamo a fornire informazioni chiare, pratiche e pertinenti, sia che tu stia cercando la tua prima polizza, che tu stia esaminando la tua copertura attuale o che tu stia cercando di comprendere meglio le tue opzioni.<\/p>\n\n\n\n<p>La nostra missione non \u00e8 venderti nulla, ma essere la tua guida di fiducia. Coverage Digital \u00e8 qui per istruirti, non per esagerare, sopraffarti o promettere troppo. Il nostro obiettivo \u00e8 fornirti conoscenze, fornite con chiarezza, integrit\u00e0 e rispetto, cos\u00ec che tu possa proteggere ci\u00f2 che pi\u00f9 conta con fiducia.<\/p>\n\n\n\n<h2 class=\"wp-block-heading\">Il tuo feedback \u00e8 importante!<\/h2>\n\n\n\n<p>Noi di The Coverage Digital ci impegniamo a fornire contenuti davvero utili, affidabili e facili da comprendere. Se avete domande, suggerimenti o semplicemente volete condividere la vostra esperienza con noi, saremo lieti di ricevere le vostre risposte!<\/p>\n\n\n\n<p>Il tuo feedback ci aiuta a migliorare, crescere e continuare a fornire le informazioni pi\u00f9 accurate e utili in materia di assicurazioni. Che si tratti di un argomento che vorresti che trattassimo, di una domanda a cui rispondere o di spunti sul tuo percorso assicurativo, la tua voce \u00e8 importante.<\/p>\n\n\n\n<p>Contattaci in qualsiasi momento, siamo qui per ascoltarti e aiutarti tramite la nostra pagina dei contatti: <a href=\"https:\/\/thecoveragedigital.com\/it\/contact\/\">https:\/\/thecoveragedigital.com\/contact<\/a><\/p>","protected":false},"excerpt":{"rendered":"<p>The Coverage Digital \u00e8 la tua risorsa affidabile per comprendere il mondo assicurativo negli Stati Uniti con chiarezza e sicurezza. La nostra piattaforma offre risorse complete su diverse tipologie di assicurazione, aiutandoti a orientarti tra le polizze, confrontare le opzioni di copertura e prendere decisioni consapevoli. In un settore spesso pieno di gergo e confusione, The Coverage Digital \u00e8 al servizio [\u2026]<\/p>","protected":false},"author":145,"featured_media":0,"parent":0,"menu_order":0,"comment_status":"closed","ping_status":"closed","template":"","meta":{"footnotes":""},"yoast_head":"<!-- This site is optimized with the Yoast SEO plugin v23.3 - https:\/\/yoast.com\/wordpress\/plugins\/seo\/ -->\n<title>About Us - The Coverage Digital<\/title>\n<meta name=\"robots\" content=\"index, follow, max-snippet:-1, max-image-preview:large, max-video-preview:-1\" \/>\n<link rel=\"canonical\" href=\"https:\/\/thecoveragedigital.com\/it\/about-us\/\" \/>\n<meta property=\"og:locale\" content=\"it_IT\" \/>\n<meta property=\"og:type\" content=\"article\" \/>\n<meta property=\"og:title\" content=\"About Us - The Coverage Digital\" \/>\n<meta property=\"og:description\" content=\"The Coverage Digital is your reliable destination for understanding the world of insurance in the United States with clarity and confidence. Our platform offers comprehensive resources on various types of insurance, helping you navigate policies, compare coverage options, and make well-informed decisions. In an industry often filled with jargon and confusion, The Coverage Digital serves [&hellip;]\" \/>\n<meta property=\"og:url\" content=\"https:\/\/thecoveragedigital.com\/it\/about-us\/\" \/>\n<meta property=\"og:site_name\" content=\"The Coverage Digital\" \/>\n<meta property=\"article:modified_time\" content=\"2025-06-13T23:10:45+00:00\" \/>\n<meta name=\"twitter:card\" content=\"summary_large_image\" \/>\n<meta name=\"twitter:label1\" content=\"Est. reading time\" \/>\n\t<meta name=\"twitter:data1\" content=\"3 minuti\" \/>\n<script type=\"application\/ld+json\" class=\"yoast-schema-graph\">{\"@context\":\"https:\/\/schema.org\",\"@graph\":[{\"@type\":\"WebPage\",\"@id\":\"https:\/\/thecoveragedigital.com\/about-us\/\",\"url\":\"https:\/\/thecoveragedigital.com\/about-us\/\",\"name\":\"About Us - The Coverage Digital\",\"isPartOf\":{\"@id\":\"https:\/\/thecoveragedigital.com\/#website\"},\"datePublished\":\"2025-06-13T23:10:44+00:00\",\"dateModified\":\"2025-06-13T23:10:45+00:00\",\"breadcrumb\":{\"@id\":\"https:\/\/thecoveragedigital.com\/about-us\/#breadcrumb\"},\"inLanguage\":\"it-IT\",\"potentialAction\":[{\"@type\":\"ReadAction\",\"target\":[\"https:\/\/thecoveragedigital.com\/about-us\/\"]}]},{\"@type\":\"BreadcrumbList\",\"@id\":\"https:\/\/thecoveragedigital.com\/about-us\/#breadcrumb\",\"itemListElement\":[{\"@type\":\"ListItem\",\"position\":1,\"name\":\"Home\",\"item\":\"https:\/\/thecoveragedigital.com\/\"},{\"@type\":\"ListItem\",\"position\":2,\"name\":\"About Us\"}]},{\"@type\":\"WebSite\",\"@id\":\"https:\/\/thecoveragedigital.com\/#website\",\"url\":\"https:\/\/thecoveragedigital.com\/\",\"name\":\"The Coverage Digital\",\"description\":\"\",\"potentialAction\":[{\"@type\":\"SearchAction\",\"target\":{\"@type\":\"EntryPoint\",\"urlTemplate\":\"https:\/\/thecoveragedigital.com\/?s={search_term_string}\"},\"query-input\":\"required name=search_term_string\"}],\"inLanguage\":\"it-IT\"}]}<\/script>\n<!-- \/ Yoast SEO plugin. -->","yoast_head_json":{"title":"About Us - The Coverage Digital","robots":{"index":"index","follow":"follow","max-snippet":"max-snippet:-1","max-image-preview":"max-image-preview:large","max-video-preview":"max-video-preview:-1"},"canonical":"https:\/\/thecoveragedigital.com\/it\/about-us\/","og_locale":"it_IT","og_type":"article","og_title":"About Us - The Coverage Digital","og_description":"The Coverage Digital is your reliable destination for understanding the world of insurance in the United States with clarity and confidence. Our platform offers comprehensive resources on various types of insurance, helping you navigate policies, compare coverage options, and make well-informed decisions. In an industry often filled with jargon and confusion, The Coverage Digital serves [&hellip;]","og_url":"https:\/\/thecoveragedigital.com\/it\/about-us\/","og_site_name":"The Coverage Digital","article_modified_time":"2025-06-13T23:10:45+00:00","twitter_card":"summary_large_image","twitter_misc":{"Est. reading time":"3 minuti"},"schema":{"@context":"https:\/\/schema.org","@graph":[{"@type":"WebPage","@id":"https:\/\/thecoveragedigital.com\/about-us\/","url":"https:\/\/thecoveragedigital.com\/about-us\/","name":"About Us - The Coverage Digital","isPartOf":{"@id":"https:\/\/thecoveragedigital.com\/#website"},"datePublished":"2025-06-13T23:10:44+00:00","dateModified":"2025-06-13T23:10:45+00:00","breadcrumb":{"@id":"https:\/\/thecoveragedigital.com\/about-us\/#breadcrumb"},"inLanguage":"it-IT","potentialAction":[{"@type":"ReadAction","target":["https:\/\/thecoveragedigital.com\/about-us\/"]}]},{"@type":"BreadcrumbList","@id":"https:\/\/thecoveragedigital.com\/about-us\/#breadcrumb","itemListElement":[{"@type":"ListItem","position":1,"name":"Home","item":"https:\/\/thecoveragedigital.com\/"},{"@type":"ListItem","position":2,"name":"About Us"}]},{"@type":"WebSite","@id":"https:\/\/thecoveragedigital.com\/#website","url":"https:\/\/thecoveragedigital.com\/","name":"The Coverage Digital","description":"","potentialAction":[{"@type":"SearchAction","target":{"@type":"EntryPoint","urlTemplate":"https:\/\/thecoveragedigital.com\/?s={search_term_string}"},"query-input":"required name=search_term_string"}],"inLanguage":"it-IT"}]}},"_links":{"self":[{"href":"https:\/\/thecoveragedigital.com\/it\/wp-json\/wp\/v2\/pages\/148"}],"collection":[{"href":"https:\/\/thecoveragedigital.com\/it\/wp-json\/wp\/v2\/pages"}],"about":[{"href":"https:\/\/thecoveragedigital.com\/it\/wp-json\/wp\/v2\/types\/page"}],"author":[{"embeddable":true,"href":"https:\/\/thecoveragedigital.com\/it\/wp-json\/wp\/v2\/users\/145"}],"replies":[{"embeddable":true,"href":"https:\/\/thecoveragedigital.com\/it\/wp-json\/wp\/v2\/comments?post=148"}],"version-history":[{"count":5,"href":"https:\/\/thecoveragedigital.com\/it\/wp-json\/wp\/v2\/pages\/148\/revisions"}],"predecessor-version":[{"id":153,"href":"https:\/\/thecoveragedigital.com\/it\/wp-json\/wp\/v2\/pages\/148\/revisions\/153"}],"wp:attachment":[{"href":"https:\/\/thecoveragedigital.com\/it\/wp-json\/wp\/v2\/media?parent=148"}],"curies":[{"name":"wp","href":"https:\/\/api.w.org\/{rel}","templated":true}]}}